{"id":23,"date":"2021-02-18T20:01:21","date_gmt":"2021-02-18T19:01:21","guid":{"rendered":"http:\/\/mustang-gliwice.pl\/www\/?page_id=23"},"modified":"2025-10-08T21:42:37","modified_gmt":"2025-10-08T19:42:37","slug":"kontakt","status":"publish","type":"page","link":"https:\/\/mustang-gliwice.pl\/www\/kontakt\/","title":{"rendered":"Kontakt"},"content":{"rendered":"\t\t<div data-elementor-type=\"wp-page\" data-elementor-id=\"23\" class=\"elementor elementor-23\">\n\t\t\t\t\t\t<section class=\"elementor-section elementor-top-section elementor-element elementor-element-fa74325 elementor-section-boxed elementor-section-height-default elementor-section-height-default\" data-id=\"fa74325\" data-element_type=\"section\">\n\t\t\t\t\t\t<div class=\"elementor-container elementor-column-gap-default\">\n\t\t\t\t\t<div class=\"elementor-column elementor-col-100 elementor-top-column elementor-element elementor-element-925fc5f\" data-id=\"925fc5f\" data-element_type=\"column\">\n\t\t\t<div class=\"elementor-widget-wrap elementor-element-populated\">\n\t\t\t\t\t\t<div class=\"elementor-element elementor-element-4589745 elementor-widget elementor-widget-text-editor\" data-id=\"4589745\" data-element_type=\"widget\" data-widget_type=\"text-editor.default\">\n\t\t\t\t<div class=\"elementor-widget-container\">\n\t\t\t\t\t\t\t\t\t<div>\n<div>\n<h2><strong>SKONTAKTUJ SI\u0118 Z NAMI!<\/strong><\/h2>\n<h1>(32) 231 94 64<\/h1>\n<\/div>\n<\/div>\n<div>\n<div>\n<h1><strong>GODZINY PRACY BIURA:<\/strong><\/h1>\n<p><strong>Poniedzia\u0142ek \u2013 Pi\u0105tek<\/strong><\/p>\n<h1><strong>7:30 \u2013 15:30<\/strong><\/h1>\n<h1>Sprzeda\u017c work\u00f3w big-bag, wa\u017cenie pojazd\u00f3w:&nbsp;<span style=\"font-size: 2.857143rem; font-style: inherit; font-family: var( --e-global-typography-text-font-family ), Sans-serif;\">24h*<\/span><\/h1>\n<div>\n<p>&nbsp;Kwity wagowe wydawane s\u0105 w kolejnym dniu roboczym lub w godzinach pracy biura.<\/p>\n<p><strong style=\"color: #3a3a3a; font-size: 1.785714rem; font-style: inherit; font-family: var( --e-global-typography-text-font-family ), Sans-serif;\">&nbsp;<\/strong><strong style=\"color: #3a3a3a; font-size: 2.142857rem; font-style: inherit; font-family: var( --e-global-typography-text-font-family ), Sans-serif;\">SEKRETARIAT:<\/strong><\/p>\n<\/div>\n<\/div>\n<\/div>\n<div>\n<div>\n<div><strong>EWELINA WIDUCH<\/strong><strong><br><\/strong><\/div>\n<div><strong>&nbsp;<\/strong><\/div>\n<p><strong>sekretariat@mustang-gliwice.pl<\/strong><\/p>\n<p><strong>TEL. +48 664 710 345 | &nbsp;<\/strong><strong style=\"font-style: inherit; font-family: var( --e-global-typography-text-font-family ), Sans-serif;\">TEL. (32) 231 94 64<\/strong><\/p>\n<h2><strong>DZIA\u0141 HANDLOWY \/ OBS\u0141UGA ZAM\u00d3WIE\u0143:<\/strong><\/h2>\n<p><strong style=\"font-family: var( --e-global-typography-text-font-family ), Sans-serif; font-size: var( --e-global-typography-text-font-size );\">MA\u0141GORZATA NIESYTO- SZMIGIEL<\/strong><\/p>\n<p><strong style=\"font-family: var( --e-global-typography-text-font-family ), Sans-serif;\">manager@mustang-gliwice.pl<\/strong><\/p>\n<p style=\"font-size: 16px; font-style: normal;\"><strong>TEL. +48 735 259 295&nbsp;<\/strong><\/p>\n<p style=\"font-size: 16px; font-style: normal;\"><strong style=\"font-family: var( --e-global-typography-text-font-family ), Sans-serif; font-size: var( --e-global-typography-text-font-size );\">JAKUB ROGOWSKI<\/strong><\/p>\n<p style=\"font-size: 16px; font-style: normal;\"><strong style=\"font-family: var( --e-global-typography-text-font-family ), Sans-serif;\">handel@mustang-gliwice.pl<\/strong><\/p>\n<p style=\"font-size: 16px; font-style: normal;\"><strong>TEL. +48 734 176 053<\/strong><\/p>\n<h2><strong>DZIA\u0141 TRANSPORTU I ZAOPATRZENIA<\/strong><\/h2>\n<p><strong>MARCIN HRYCAJKO<\/strong><\/p>\n<\/div>\n<div><strong>serwis@mustang-gliwice.pl<\/strong><\/div>\n<div>\n<p><b>&nbsp;<\/b><\/p>\n<p><strong style=\"font-style: inherit; font-family: var( --e-global-typography-text-font-family ), Sans-serif; font-size: var( --e-global-typography-text-font-size );\">TEL.&nbsp;734-184-130<\/strong><\/p>\n<p><strong>DANIEL KOCUR<\/strong><\/p>\n<p><strong>logistyka@mustang-gliwice.pl<\/strong><\/p>\n<p><strong>TEL. +48 608 572 242<\/strong><\/p>\n<h2 style=\"font-size: 2.142857rem; font-style: normal;\"><strong>DZIA\u0141 OCHRONY \u015aRODOWISKA:<\/strong><\/h2>\n<p style=\"font-size: 16px; font-style: normal;\"><strong style=\"font-family: var( --e-global-typography-text-font-family ), Sans-serif; font-size: var( --e-global-typography-text-font-size );\">AGNIESZKA NOWAK-SZMIDT<\/strong><\/p>\n<p style=\"font-size: 16px; font-style: normal;\"><strong style=\"font-family: var( --e-global-typography-text-font-family ), Sans-serif;\">oczyszczalnie@mustang-gliwice.pl<\/strong><\/p>\n<p style=\"font-size: 16px; font-style: normal;\"><strong>TEL. +48 880 520 900&nbsp;<\/strong><\/p>\n<p style=\"font-size: 16px; font-style: normal;\"><b>KATARZYNA WAWRZOSZEK<\/b><\/p>\n<p style=\"font-size: 16px; font-style: normal;\"><strong style=\"font-family: var( --e-global-typography-text-font-family ), Sans-serif;\">odpady@mustang-gliwice.pl<\/strong><\/p>\n<p style=\"font-size: 16px; font-style: normal;\"><strong>TEL. +48 668 452 281<\/strong><\/p>\n<p style=\"font-size: 16px; font-style: normal;\"><b>BARBARA LECH<\/b><\/p>\n<p style=\"font-size: 16px; font-style: normal;\"><strong style=\"font-family: var( --e-global-typography-text-font-family ), Sans-serif;\">b.lech@mgo-gliwice.pl<\/strong><\/p>\n<p style=\"font-size: 16px; font-style: normal;\"><strong>TEL. +48 662 880 679<\/strong><\/p>\n<h2><strong>DYREKTOR ZARZ\u0104DZAJ\u0104CY:<\/strong><\/h2>\n<p><strong>WOJCIECH PIERZCHA\u0141A<\/strong><\/p>\n<p><strong>w.pierzchala@mustang-gliwice.pl<\/strong><\/p>\n<p><strong>TEL. 608 572 232<\/strong><\/p>\n<p><strong>&nbsp;MUSTANG US\u0141UGI WIELOBRAN\u017bOWE MAREK PIERZCHA\u0141A W SPADKU<\/strong><\/p>\n<p><strong>NI: 6310211094 | REGON: 271069361 | BDO: 000004012, UL. TOWAROA 20, 44-100 GLIWICE<\/strong><\/p>\n<p><strong>ALIOR BANKA SA: 08 2490 0005 0000 4530 1414 6224<\/strong><\/p>\n<p><b>__________________<\/b><\/p>\n<p><strong>&nbsp;MUSTANG GOSPODAROWANIE ODPADAMI SP. Z O.O. SP.K.<\/strong><\/p>\n<p><strong>NIP: 6312677431 | KRS: 0000711745 | REGON: 369083589 | BDO: 000101972, UL. TOWAROWA 20, 44-100 GLIWICE,&nbsp;<\/strong><\/p>\n<p><strong>PKO SA: 32 1950 0001 2006 0060 5793 0002<\/strong><\/p>\n<p><strong>_________________<\/strong><\/p>\n<p style=\"font-size: 18px; font-style: normal;\"><strong>&nbsp;MUSTANG WASTE MANAGMENT TOMASZ PIERZCHA\u0141A<\/strong><\/p>\n<p style=\"font-size: 18px; font-style: normal;\"><strong>NIP: 6312686335 | REGON 383714783 | BDO: 000287120,&nbsp;<\/strong><strong>UL. TOWAROWA 20, 44-100 GLIWICE,&nbsp;<\/strong><\/p>\n<p style=\"font-size: 18px; font-style: normal;\"><strong>mBank: 77 1140 2004 0000 3802 7892 0436<\/strong><strong><br><\/strong><\/p>\n<p><span style=\"text-align: start; caret-color: #222222; color: #222222; font-family: Arial, Helvetica, sans-serif; font-size: small;\">&nbsp;<\/span><\/p>\n<\/div>\n<\/div>\t\t\t\t\t\t\t\t<\/div>\n\t\t\t\t<\/div>\n\t\t\t\t\t<\/div>\n\t\t<\/div>\n\t\t\t\t\t<\/div>\n\t\t<\/section>\n\t\t\t\t<section class=\"elementor-section elementor-top-section elementor-element elementor-element-f069c04 elementor-section-boxed elementor-section-height-default elementor-section-height-default\" data-id=\"f069c04\" data-element_type=\"section\">\n\t\t\t\t\t\t<div class=\"elementor-container elementor-column-gap-default\">\n\t\t\t\t\t<div class=\"elementor-column elementor-col-100 elementor-top-column elementor-element elementor-element-3d264d1\" data-id=\"3d264d1\" data-element_type=\"column\">\n\t\t\t<div class=\"elementor-widget-wrap elementor-element-populated\">\n\t\t\t\t\t\t<div class=\"elementor-element elementor-element-c0bb661 elementor-widget elementor-widget-google_maps\" data-id=\"c0bb661\" data-element_type=\"widget\" data-widget_type=\"google_maps.default\">\n\t\t\t\t<div class=\"elementor-widget-container\">\n\t\t\t\t\t\t\t<div class=\"elementor-custom-embed\">\n\t\t\t<iframe loading=\"lazy\"\n\t\t\t\t\tsrc=\"https:\/\/maps.google.com\/maps?q=Towarowa%2020%2C%2044-100%20Gliwice&#038;t=m&#038;z=13&#038;output=embed&#038;iwloc=near\"\n\t\t\t\t\ttitle=\"Towarowa 20, 44-100 Gliwice\"\n\t\t\t\t\taria-label=\"Towarowa 20, 44-100 Gliwice\"\n\t\t\t><\/iframe>\n\t\t<\/div>\n\t\t\t\t\t\t<\/div>\n\t\t\t\t<\/div>\n\t\t\t\t\t<\/div>\n\t\t<\/div>\n\t\t\t\t\t<\/div>\n\t\t<\/section>\n\t\t\t\t<\/div>\n\t\t","protected":false},"excerpt":{"rendered":"<p>SKONTAKTUJ SI\u0118 Z NAMI! (32) 231 94 64 GODZINY PRACY BIURA: Poniedzia\u0142ek \u2013 Pi\u0105tek 7:30 \u2013 15:30 Sprzeda\u017c work\u00f3w big-bag, wa\u017cenie pojazd\u00f3w:&nbsp;24h* &nbsp;Kwity wagowe wydawane s\u0105 w kolejnym dniu roboczym lub w godzinach pracy biura. &nbsp;SEKRETARIAT: EWELINA WIDUCH &nbsp; sekretariat@mustang-gliwice.pl TEL. +48 664 710 345 | &nbsp;TEL. (32) 231 94 64 DZIA\u0141 HANDLOWY \/ OBS\u0141UGA [&hellip;]<\/p>\n","protected":false},"author":3,"featured_media":0,"parent":0,"menu_order":0,"comment_status":"closed","ping_status":"closed","template":"","meta":{"site-sidebar-layout":"no-sidebar","site-content-layout":"page-builder","ast-site-content-layout":"full-width-container","site-content-style":"unboxed","site-sidebar-style":"unboxed","ast-global-header-display":"","ast-banner-title-visibility":"","ast-main-header-display":"","ast-hfb-above-header-display":"","ast-hfb-below-header-display":"","ast-hfb-mobile-header-display":"","site-post-title":"disabled","ast-breadcrumbs-content":"","ast-featured-img":"disabled","footer-sml-layout":"","theme-transparent-header-meta":"default","adv-header-id-meta":"","stick-header-meta":"","header-above-stick-meta":"","header-main-stick-meta":"","header-below-stick-meta":"","astra-migrate-meta-layouts":"set","ast-page-background-enabled":"default","ast-page-background-meta":{"desktop":{"background-color":"","background-image":"","background-repeat":"repeat","background-position":"center center","background-size":"auto","background-attachment":"scroll","background-type":"","background-media":"","overlay-type":"","overlay-color":"","overlay-opacity":"","overlay-gradient":""},"tablet":{"background-color":"","background-image":"","background-repeat":"repeat","background-position":"center center","background-size":"auto","background-attachment":"scroll","background-type":"","background-media":"","overlay-type":"","overlay-color":"","overlay-opacity":"","overlay-gradient":""},"mobile":{"background-color":"","background-image":"","background-repeat":"repeat","background-position":"center center","background-size":"auto","background-attachment":"scroll","background-type":"","background-media":"","overlay-type":"","overlay-color":"","overlay-opacity":"","overlay-gradient":""}},"ast-content-background-meta":{"desktop":{"background-color":"var(--ast-global-color-5)","background-image":"","background-repeat":"repeat","background-position":"center center","background-size":"auto","background-attachment":"scroll","background-type":"","background-media":"","overlay-type":"","overlay-color":"","overlay-opacity":"","overlay-gradient":""},"tablet":{"background-color":"var(--ast-global-color-5)","background-image":"","background-repeat":"repeat","background-position":"center center","background-size":"auto","background-attachment":"scroll","background-type":"","background-media":"","overlay-type":"","overlay-color":"","overlay-opacity":"","overlay-gradient":""},"mobile":{"background-color":"var(--ast-global-color-5)","background-image":"","background-repeat":"repeat","background-position":"center center","background-size":"auto","background-attachment":"scroll","background-type":"","background-media":"","overlay-type":"","overlay-color":"","overlay-opacity":"","overlay-gradient":""}},"footnotes":""},"class_list":["post-23","page","type-page","status-publish","hentry"],"_links":{"self":[{"href":"https:\/\/mustang-gliwice.pl\/www\/wp-json\/wp\/v2\/pages\/23","targetHints":{"allow":["GET"]}}],"collection":[{"href":"https:\/\/mustang-gliwice.pl\/www\/wp-json\/wp\/v2\/pages"}],"about":[{"href":"https:\/\/mustang-gliwice.pl\/www\/wp-json\/wp\/v2\/types\/page"}],"author":[{"embeddable":true,"href":"https:\/\/mustang-gliwice.pl\/www\/wp-json\/wp\/v2\/users\/3"}],"replies":[{"embeddable":true,"href":"https:\/\/mustang-gliwice.pl\/www\/wp-json\/wp\/v2\/comments?post=23"}],"version-history":[{"count":62,"href":"https:\/\/mustang-gliwice.pl\/www\/wp-json\/wp\/v2\/pages\/23\/revisions"}],"predecessor-version":[{"id":393,"href":"https:\/\/mustang-gliwice.pl\/www\/wp-json\/wp\/v2\/pages\/23\/revisions\/393"}],"wp:attachment":[{"href":"https:\/\/mustang-gliwice.pl\/www\/wp-json\/wp\/v2\/media?parent=23"}],"curies":[{"name":"wp","href":"https:\/\/api.w.org\/{rel}","templated":true}]}}