{"id":19,"date":"2021-02-18T20:00:51","date_gmt":"2021-02-18T19:00:51","guid":{"rendered":"http:\/\/mustang-gliwice.pl\/www\/?page_id=19"},"modified":"2025-06-24T22:40:38","modified_gmt":"2025-06-24T20:40:38","slug":"o-firmie","status":"publish","type":"page","link":"https:\/\/mustang-gliwice.pl\/www\/o-firmie\/","title":{"rendered":"O firmie"},"content":{"rendered":"\t\t<div data-elementor-type=\"wp-page\" data-elementor-id=\"19\" class=\"elementor elementor-19\">\n\t\t\t\t\t\t<section class=\"elementor-section elementor-top-section elementor-element elementor-element-e87d8f1 elementor-section-boxed elementor-section-height-default elementor-section-height-default\" data-id=\"e87d8f1\" data-element_type=\"section\">\n\t\t\t\t\t\t<div class=\"elementor-container elementor-column-gap-default\">\n\t\t\t\t\t<div class=\"elementor-column elementor-col-100 elementor-top-column elementor-element elementor-element-af91a39\" data-id=\"af91a39\" data-element_type=\"column\">\n\t\t\t<div class=\"elementor-widget-wrap elementor-element-populated\">\n\t\t\t\t\t\t<div class=\"elementor-element elementor-element-36f600e elementor-widget elementor-widget-heading\" data-id=\"36f600e\" data-element_type=\"widget\" data-widget_type=\"heading.default\">\n\t\t\t\t<div class=\"elementor-widget-container\">\n\t\t\t\t\t<h2 class=\"elementor-heading-title elementor-size-default\">Firma Mustang<\/h2>\t\t\t\t<\/div>\n\t\t\t\t<\/div>\n\t\t\t\t<div class=\"elementor-element elementor-element-6aee746 elementor-widget elementor-widget-text-editor\" data-id=\"6aee746\" data-element_type=\"widget\" data-widget_type=\"text-editor.default\">\n\t\t\t\t<div class=\"elementor-widget-container\">\n\t\t\t\t\t\t\t\t\t<p><strong>Trzepot skrzyde\u0142 motyla w Ohio po trzech dniach mo\u017ce powodowa\u0107 burz\u0119 piaskow\u0105 w Teksasie.<\/strong><\/p><p>Nie bez przyczyny przytaczamy najbardziej obrazow\u0105 definicj\u0119\u201eEfektu motyla\u201d. Jest on bowiem wpisany w filozofi\u0119 naszej firmy. Wierzymy, \u017ce czysta kropla wody zaoszcz\u0119dzona tu, w Gliwicach, na G\u00f3rnym \u015al\u0105sku, gdzie mie\u015bci si\u0119 siedziba Mustanga, ma ogromny wp\u0142yw na otoczenie \u2013 na nasz\u0105 planet\u0119 i jako\u015b\u0107 \u017cycia jej mieszka\u0144c\u00f3w.<\/p>\t\t\t\t\t\t\t\t<\/div>\n\t\t\t\t<\/div>\n\t\t\t\t<div class=\"elementor-element elementor-element-365b2b2 elementor-widget elementor-widget-image\" data-id=\"365b2b2\" data-element_type=\"widget\" data-widget_type=\"image.default\">\n\t\t\t\t<div class=\"elementor-widget-container\">\n\t\t\t\t\t\t\t\t\t\t\t\t\t\t\t<img fetchpriority=\"high\" decoding=\"async\" width=\"2560\" height=\"1280\" src=\"https:\/\/mustang-gliwice.pl\/www\/wp-content\/uploads\/2021\/02\/mustang_gliwice_fotografia_przemyslowa_impact_photo-2741-scaled-1.jpg\" class=\"attachment-full size-full wp-image-68\" alt=\"\" srcset=\"https:\/\/mustang-gliwice.pl\/www\/wp-content\/uploads\/2021\/02\/mustang_gliwice_fotografia_przemyslowa_impact_photo-2741-scaled-1.jpg 2560w, https:\/\/mustang-gliwice.pl\/www\/wp-content\/uploads\/2021\/02\/mustang_gliwice_fotografia_przemyslowa_impact_photo-2741-scaled-1-300x150.jpg 300w, https:\/\/mustang-gliwice.pl\/www\/wp-content\/uploads\/2021\/02\/mustang_gliwice_fotografia_przemyslowa_impact_photo-2741-scaled-1-1024x512.jpg 1024w, https:\/\/mustang-gliwice.pl\/www\/wp-content\/uploads\/2021\/02\/mustang_gliwice_fotografia_przemyslowa_impact_photo-2741-scaled-1-768x384.jpg 768w, https:\/\/mustang-gliwice.pl\/www\/wp-content\/uploads\/2021\/02\/mustang_gliwice_fotografia_przemyslowa_impact_photo-2741-scaled-1-1536x768.jpg 1536w, https:\/\/mustang-gliwice.pl\/www\/wp-content\/uploads\/2021\/02\/mustang_gliwice_fotografia_przemyslowa_impact_photo-2741-scaled-1-2048x1024.jpg 2048w, https:\/\/mustang-gliwice.pl\/www\/wp-content\/uploads\/2021\/02\/mustang_gliwice_fotografia_przemyslowa_impact_photo-2741-scaled-1-24x12.jpg 24w, https:\/\/mustang-gliwice.pl\/www\/wp-content\/uploads\/2021\/02\/mustang_gliwice_fotografia_przemyslowa_impact_photo-2741-scaled-1-36x18.jpg 36w, https:\/\/mustang-gliwice.pl\/www\/wp-content\/uploads\/2021\/02\/mustang_gliwice_fotografia_przemyslowa_impact_photo-2741-scaled-1-48x24.jpg 48w\" sizes=\"(max-width: 2560px) 100vw, 2560px\" \/>\t\t\t\t\t\t\t\t\t\t\t\t\t\t\t<\/div>\n\t\t\t\t<\/div>\n\t\t\t\t<div class=\"elementor-element elementor-element-a248cad elementor-widget elementor-widget-text-editor\" data-id=\"a248cad\" data-element_type=\"widget\" data-widget_type=\"text-editor.default\">\n\t\t\t\t<div class=\"elementor-widget-container\">\n\t\t\t\t\t\t\t\t\t<p>Wierzymy we wsp\u00f3\u0142zale\u017cno\u015bci wszystkich ludzi na ca\u0142ym \u015bwiecie. Profesjonalnie zarz\u0105dzamy gospodark\u0105 komunaln\u0105, sprawiaj\u0105c, \u017ce \u017cyje si\u0119 im lepiej.<\/p><p>Troszcz\u0105c si\u0119 o \u015brodowisko naturalne, dok\u0142adamy wszelkich stara\u0144, by nieustannie ulepsza\u0107 proces oczyszczania i powt\u00f3rnego wykorzystywania odpad\u00f3w generowanych przez przemys\u0142 i gospodarstwa domowe. Spo\u0142eczna odpowiedzialno\u015b\u0107 biznesu to co\u015b, co jest wpisane w misj\u0119 naszej firmy, niemal od pocz\u0105tku jej istnienia.<\/p><p>Od 1989 roku \u015bwiadczymy kompleksowe us\u0142ugi zwi\u0105zane z wywozem i utylizacj\u0105 odpad\u00f3w komunalnych, przemys\u0142owych, budowlanych, a tak\u017ce tych, powstaj\u0105cych w wyniku proces\u00f3w produkcyjnych i prac budowlano-remontowych.<\/p>\t\t\t\t\t\t\t\t<\/div>\n\t\t\t\t<\/div>\n\t\t\t\t\t<\/div>\n\t\t<\/div>\n\t\t\t\t\t<\/div>\n\t\t<\/section>\n\t\t\t\t<section class=\"elementor-section elementor-top-section elementor-element elementor-element-5ecddb1 elementor-section-boxed elementor-section-height-default elementor-section-height-default\" data-id=\"5ecddb1\" data-element_type=\"section\">\n\t\t\t\t\t\t<div class=\"elementor-container elementor-column-gap-default\">\n\t\t\t\t\t<div class=\"elementor-column elementor-col-100 elementor-top-column elementor-element elementor-element-7493c80\" data-id=\"7493c80\" data-element_type=\"column\">\n\t\t\t<div class=\"elementor-widget-wrap elementor-element-populated\">\n\t\t\t\t\t\t<div class=\"elementor-element elementor-element-1b88746 elementor-widget elementor-widget-image\" data-id=\"1b88746\" data-element_type=\"widget\" data-widget_type=\"image.default\">\n\t\t\t\t<div class=\"elementor-widget-container\">\n\t\t\t\t\t\t\t\t\t\t\t\t\t\t\t<img decoding=\"async\" width=\"1024\" height=\"363\" src=\"https:\/\/mustang-gliwice.pl\/www\/wp-content\/uploads\/2021\/02\/zdjecie2-1024x363.png\" class=\"attachment-large size-large wp-image-72\" alt=\"\" srcset=\"https:\/\/mustang-gliwice.pl\/www\/wp-content\/uploads\/2021\/02\/zdjecie2-1024x363.png 1024w, https:\/\/mustang-gliwice.pl\/www\/wp-content\/uploads\/2021\/02\/zdjecie2-300x106.png 300w, https:\/\/mustang-gliwice.pl\/www\/wp-content\/uploads\/2021\/02\/zdjecie2-768x272.png 768w, https:\/\/mustang-gliwice.pl\/www\/wp-content\/uploads\/2021\/02\/zdjecie2-1536x544.png 1536w, https:\/\/mustang-gliwice.pl\/www\/wp-content\/uploads\/2021\/02\/zdjecie2-2048x726.png 2048w, https:\/\/mustang-gliwice.pl\/www\/wp-content\/uploads\/2021\/02\/zdjecie2-24x9.png 24w, https:\/\/mustang-gliwice.pl\/www\/wp-content\/uploads\/2021\/02\/zdjecie2-36x13.png 36w, https:\/\/mustang-gliwice.pl\/www\/wp-content\/uploads\/2021\/02\/zdjecie2-48x17.png 48w\" sizes=\"(max-width: 1024px) 100vw, 1024px\" \/>\t\t\t\t\t\t\t\t\t\t\t\t\t\t\t<\/div>\n\t\t\t\t<\/div>\n\t\t\t\t\t<\/div>\n\t\t<\/div>\n\t\t\t\t\t<\/div>\n\t\t<\/section>\n\t\t\t\t<section class=\"elementor-section elementor-top-section elementor-element elementor-element-32400e8 elementor-section-boxed elementor-section-height-default elementor-section-height-default\" data-id=\"32400e8\" data-element_type=\"section\">\n\t\t\t\t\t\t<div class=\"elementor-container elementor-column-gap-default\">\n\t\t\t\t\t<div class=\"elementor-column elementor-col-100 elementor-top-column elementor-element elementor-element-2c4fc60\" data-id=\"2c4fc60\" data-element_type=\"column\">\n\t\t\t<div class=\"elementor-widget-wrap elementor-element-populated\">\n\t\t\t\t\t\t<div class=\"elementor-element elementor-element-12d5a41 elementor-widget elementor-widget-spacer\" data-id=\"12d5a41\" data-element_type=\"widget\" data-widget_type=\"spacer.default\">\n\t\t\t\t<div class=\"elementor-widget-container\">\n\t\t\t\t\t\t\t<div class=\"elementor-spacer\">\n\t\t\t<div class=\"elementor-spacer-inner\"><\/div>\n\t\t<\/div>\n\t\t\t\t\t\t<\/div>\n\t\t\t\t<\/div>\n\t\t\t\t<div class=\"elementor-element elementor-element-8a75c36 elementor-widget elementor-widget-text-editor\" data-id=\"8a75c36\" data-element_type=\"widget\" data-widget_type=\"text-editor.default\">\n\t\t\t\t<div class=\"elementor-widget-container\">\n\t\t\t\t\t\t\t\t\t<h3><strong>Dofinansowanie zadania z Funduszu Ubezpiecze\u0144 Spo\u0142ecznych<\/strong><\/h3><p>Rodzaj Programu: Program dofinansowania p\u0142atnik\u00f3w sk\u0142adek w ramach prewencji wypadkowej;\u00a0<\/p><p><strong>Nazwa: <\/strong>POPRAWA BEZPIECZE\u0143STWA PRACY W FIRMIE MUSTANG GOSPODAROWANIE ODPADAMI<\/p><p>Warto\u015b\u0107 dofinansowania i ca\u0142kowit\u0105 warto\u015b\u0107 Projektu; dofinansowanie: 125 000,00 z\u0142 ca\u0142kowita warto\u015b\u0107: 169 768,00 z\u0142<span class=\"gmail-Apple-converted-space\">\u00a0<\/span><\/p><p><strong>Opis Projektu:<\/strong><\/p><p>\u00a0Firma<span class=\"gmail-Apple-converted-space\">\u00a0<\/span><b>Mustang Gospodarowanie Odpadami Sp. Z o. o. Sp. k.<\/b>zrealizowa\u0142a projekt inwestycyjny maj\u0105cy na celu zmniejszenie ryzyka zawodowego na czterech kluczowych stanowiskach pracy obj\u0119tych projektem: Kierowca, Kierowca-Mechanik, Kierownik ds technicznych oraz Pracownik ds. gospodarczych.\u00a0<\/p><p>W ramach realizacji projektu zakupiono podest roboczy, co przyczyni\u0142o si\u0119 do zwi\u0119kszenia bezpiecze\u0144stwa pracownik\u00f3w podczas prac na wysoko\u015bci. Zakup ten znacz\u0105co ograniczy\u0142 ryzyko upadku z wysoko\u015bci oraz wyeliminowa\u0142 konieczno\u015b\u0107 u\u017cywania drabin nieposiadaj\u0105cych zabezpieczenia przed upadkiem. Zakupione zosta\u0142o r\u00f3wnie\u017c rusztowanie, kt\u00f3re poprawi\u0142o warunki bezpiecze\u0144stwa podczas wykonywania prac na wysoko\u015bci. Dzi\u0119ki temu ograniczono ryzyko upadku z wysoko\u015bci pracownik\u00f3w. W ramach projektu zakupiono dwa komplety szalunk\u00f3w, co pozwoli\u0142o na zredukowanie ryzyka zasypania pracownik\u00f3w podczas prowadzonych prac ziemnych. Zakup szalunk\u00f3w wyeliminowa\u0142 konieczno\u015b\u0107 stosowania prowizorycznych, drewnianych szalunk\u00f3w wykonywanych samodzielnie, kt\u00f3re nie zapewnia\u0142y odpowiedniego poziomu bezpiecze\u0144stwa. Zakupione zosta\u0142y r\u00f3wnie\u017c barierki ochronne, kt\u00f3re zabezpieczy\u0142y pracownik\u00f3w oraz osoby postronne przed wpadni\u0119ciem do wykopu.<\/p><p>Celem zrealizowanych dzia\u0142a\u0144 inwestycyjnych by\u0142o zmniejszenie ryzyka og\u00f3lnego na wszystkich czterech stanowiskach obj\u0119tych projektem z ryzyka \u015bredniego do poziomu ryzyka ma\u0142ego. Dodatkowo, w wyniku przeprowadzonych inwestycji, poszczeg\u00f3lne ryzyka okre\u015blane wcze\u015bniej jako ryzyka du\u017ce zosta\u0142y zredukowane do poziomu ryzyka ma\u0142ego lub \u015bredniego.<\/p><p><strong>Data podpisania Umowy:<\/strong> 02.2025<\/p>\t\t\t\t\t\t\t\t<\/div>\n\t\t\t\t<\/div>\n\t\t\t\t<div class=\"elementor-element elementor-element-a651ce7 elementor-widget elementor-widget-image\" data-id=\"a651ce7\" data-element_type=\"widget\" data-widget_type=\"image.default\">\n\t\t\t\t<div class=\"elementor-widget-container\">\n\t\t\t\t\t\t\t\t\t\t\t\t\t\t\t<img decoding=\"async\" width=\"510\" height=\"179\" src=\"https:\/\/mustang-gliwice.pl\/www\/wp-content\/uploads\/2025\/04\/1712672133049837100.jpg\" class=\"attachment-full size-full wp-image-376\" alt=\"\" srcset=\"https:\/\/mustang-gliwice.pl\/www\/wp-content\/uploads\/2025\/04\/1712672133049837100.jpg 510w, https:\/\/mustang-gliwice.pl\/www\/wp-content\/uploads\/2025\/04\/1712672133049837100-300x105.jpg 300w, https:\/\/mustang-gliwice.pl\/www\/wp-content\/uploads\/2025\/04\/1712672133049837100-24x8.jpg 24w, https:\/\/mustang-gliwice.pl\/www\/wp-content\/uploads\/2025\/04\/1712672133049837100-36x13.jpg 36w, https:\/\/mustang-gliwice.pl\/www\/wp-content\/uploads\/2025\/04\/1712672133049837100-48x17.jpg 48w\" sizes=\"(max-width: 510px) 100vw, 510px\" \/>\t\t\t\t\t\t\t\t\t\t\t\t\t\t\t<\/div>\n\t\t\t\t<\/div>\n\t\t\t\t<div class=\"elementor-element elementor-element-0d22324 elementor-widget elementor-widget-spacer\" data-id=\"0d22324\" data-element_type=\"widget\" data-widget_type=\"spacer.default\">\n\t\t\t\t<div class=\"elementor-widget-container\">\n\t\t\t\t\t\t\t<div class=\"elementor-spacer\">\n\t\t\t<div class=\"elementor-spacer-inner\"><\/div>\n\t\t<\/div>\n\t\t\t\t\t\t<\/div>\n\t\t\t\t<\/div>\n\t\t\t\t\t<\/div>\n\t\t<\/div>\n\t\t\t\t\t<\/div>\n\t\t<\/section>\n\t\t\t\t<section class=\"elementor-section elementor-top-section elementor-element elementor-element-80ffc75 elementor-section-boxed elementor-section-height-default elementor-section-height-default\" data-id=\"80ffc75\" data-element_type=\"section\">\n\t\t\t\t\t\t<div class=\"elementor-container elementor-column-gap-default\">\n\t\t\t\t\t<div class=\"elementor-column elementor-col-100 elementor-top-column elementor-element elementor-element-fb1ea9f\" data-id=\"fb1ea9f\" data-element_type=\"column\">\n\t\t\t<div class=\"elementor-widget-wrap elementor-element-populated\">\n\t\t\t\t\t\t<div class=\"elementor-element elementor-element-1564602 elementor-widget elementor-widget-spacer\" data-id=\"1564602\" data-element_type=\"widget\" data-widget_type=\"spacer.default\">\n\t\t\t\t<div class=\"elementor-widget-container\">\n\t\t\t\t\t\t\t<div class=\"elementor-spacer\">\n\t\t\t<div class=\"elementor-spacer-inner\"><\/div>\n\t\t<\/div>\n\t\t\t\t\t\t<\/div>\n\t\t\t\t<\/div>\n\t\t\t\t<div class=\"elementor-element elementor-element-6e0163e elementor-widget elementor-widget-text-editor\" data-id=\"6e0163e\" data-element_type=\"widget\" data-widget_type=\"text-editor.default\">\n\t\t\t\t<div class=\"elementor-widget-container\">\n\t\t\t\t\t\t\t\t\t<h3><strong>Dofinansowanie zadania z Funduszu Ubezpiecze\u0144 Spo\u0142ecznych<\/strong><\/h3><p>Rodzaj Programu: Program dofinansowania p\u0142atnik\u00f3w sk\u0142adek w ramach prewencji wypadkowej.<\/p><p><strong>Nazwa:\u00a0<\/strong>POPRAWA BEZPIECZE\u0143STWA PRACY W FIRMIE MUSTANG<\/p><p>Warto\u015b\u0107 dofinansowania i ca\u0142kowit\u0105 warto\u015b\u0107 Projektu: dofinansowanie: 80 786,40 z\u0142, ca\u0142kowita warto\u015b\u0107: 100 983,00<\/p><p><strong>Opis Projektu:<\/strong><\/p><p>Firma\u00a0<b>Mustang Waste Management Tomasz Pierzcha\u0142a\u00a0<\/b>zrealizowa\u0142a projekt inwestycyjny maj\u0105cy na celu zmniejszenie ryzyka zawodowego na sze\u015bciu kluczowych stanowiskach pracy: kierowca, kierowca-operator urz\u0105dze\u0144, operator urz\u0105dze\u0144, kierownik ds. transportu i zaopatrzenia, elektromechanik-spawacz oraz pracownik ds. gospodarczych. W ramach projektu zakupiono szalunki, rusztowania, podest roboczy, co znacz\u0105co poprawi\u0142o bezpiecze\u0144stwo podczas wykonywania prac budowlanych, ziemnych i wysoko\u015bciowych. Inwestycje te pozwoli\u0142y na redukcj\u0119 ryzyka zawodowego z poziomu \u015bredniego do ma\u0142ego, a niekt\u00f3re zagro\u017cenia wysokiego ryzyka zosta\u0142y obni\u017cone do poziomu akceptowalnego. Nowo nabyte wyposa\u017cenie b\u0119dzie wykorzystywane na r\u00f3\u017cnych budowach realizowanych przez firm\u0119. Rezultaty projektu zostan\u0105 potwierdzone poprzez wykonanie nowych ocen ryzyka zawodowego dla wszystkich obj\u0119tych projektem stanowisk.<\/p><p><strong>Data podpisania Umowy:<\/strong> \u00a012\/ 2024<\/p>\t\t\t\t\t\t\t\t<\/div>\n\t\t\t\t<\/div>\n\t\t\t\t<div class=\"elementor-element elementor-element-6d2dac4 elementor-widget elementor-widget-image\" data-id=\"6d2dac4\" data-element_type=\"widget\" data-widget_type=\"image.default\">\n\t\t\t\t<div class=\"elementor-widget-container\">\n\t\t\t\t\t\t\t\t\t\t\t\t\t\t\t<img decoding=\"async\" width=\"510\" height=\"179\" src=\"https:\/\/mustang-gliwice.pl\/www\/wp-content\/uploads\/2025\/04\/1712672133049837100.jpg\" class=\"attachment-full size-full wp-image-376\" alt=\"\" srcset=\"https:\/\/mustang-gliwice.pl\/www\/wp-content\/uploads\/2025\/04\/1712672133049837100.jpg 510w, https:\/\/mustang-gliwice.pl\/www\/wp-content\/uploads\/2025\/04\/1712672133049837100-300x105.jpg 300w, https:\/\/mustang-gliwice.pl\/www\/wp-content\/uploads\/2025\/04\/1712672133049837100-24x8.jpg 24w, https:\/\/mustang-gliwice.pl\/www\/wp-content\/uploads\/2025\/04\/1712672133049837100-36x13.jpg 36w, https:\/\/mustang-gliwice.pl\/www\/wp-content\/uploads\/2025\/04\/1712672133049837100-48x17.jpg 48w\" sizes=\"(max-width: 510px) 100vw, 510px\" \/>\t\t\t\t\t\t\t\t\t\t\t\t\t\t\t<\/div>\n\t\t\t\t<\/div>\n\t\t\t\t<div class=\"elementor-element elementor-element-65b73d1 elementor-widget elementor-widget-spacer\" data-id=\"65b73d1\" data-element_type=\"widget\" data-widget_type=\"spacer.default\">\n\t\t\t\t<div class=\"elementor-widget-container\">\n\t\t\t\t\t\t\t<div class=\"elementor-spacer\">\n\t\t\t<div class=\"elementor-spacer-inner\"><\/div>\n\t\t<\/div>\n\t\t\t\t\t\t<\/div>\n\t\t\t\t<\/div>\n\t\t\t\t\t<\/div>\n\t\t<\/div>\n\t\t\t\t\t<\/div>\n\t\t<\/section>\n\t\t\t\t<\/div>\n\t\t","protected":false},"excerpt":{"rendered":"<p>Firma Mustang Trzepot skrzyde\u0142 motyla w Ohio po trzech dniach mo\u017ce powodowa\u0107 burz\u0119 piaskow\u0105 w Teksasie. Nie bez przyczyny przytaczamy najbardziej obrazow\u0105 definicj\u0119\u201eEfektu motyla\u201d. Jest on bowiem wpisany w filozofi\u0119 naszej firmy. Wierzymy, \u017ce czysta kropla wody zaoszcz\u0119dzona tu, w Gliwicach, na G\u00f3rnym \u015al\u0105sku, gdzie mie\u015bci si\u0119 siedziba Mustanga, ma ogromny wp\u0142yw na otoczenie \u2013 [&hellip;]<\/p>\n","protected":false},"author":3,"featured_media":0,"parent":0,"menu_order":0,"comment_status":"closed","ping_status":"closed","template":"","meta":{"site-sidebar-layout":"no-sidebar","site-content-layout":"page-builder","ast-site-content-layout":"","site-content-style":"default","site-sidebar-style":"default","ast-global-header-display":"","ast-banner-title-visibility":"","ast-main-header-display":"","ast-hfb-above-header-display":"","ast-hfb-below-header-display":"","ast-hfb-mobile-header-display":"","site-post-title":"disabled","ast-breadcrumbs-content":"","ast-featured-img":"disabled","footer-sml-layout":"","theme-transparent-header-meta":"default","adv-header-id-meta":"","stick-header-meta":"","header-above-stick-meta":"","header-main-stick-meta":"","header-below-stick-meta":"","astra-migrate-meta-layouts":"default","ast-page-background-enabled":"default","ast-page-background-meta":{"desktop":{"background-color":"","background-image":"","background-repeat":"repeat","background-position":"center center","background-size":"auto","background-attachment":"scroll","background-type":"","background-media":"","overlay-type":"","overlay-color":"","overlay-opacity":"","overlay-gradient":""},"tablet":{"background-color":"","background-image":"","background-repeat":"repeat","background-position":"center center","background-size":"auto","background-attachment":"scroll","background-type":"","background-media":"","overlay-type":"","overlay-color":"","overlay-opacity":"","overlay-gradient":""},"mobile":{"background-color":"","background-image":"","background-repeat":"repeat","background-position":"center center","background-size":"auto","background-attachment":"scroll","background-type":"","background-media":"","overlay-type":"","overlay-color":"","overlay-opacity":"","overlay-gradient":""}},"ast-content-background-meta":{"desktop":{"background-color":"var(--ast-global-color-5)","background-image":"","background-repeat":"repeat","background-position":"center center","background-size":"auto","background-attachment":"scroll","background-type":"","background-media":"","overlay-type":"","overlay-color":"","overlay-opacity":"","overlay-gradient":""},"tablet":{"background-color":"var(--ast-global-color-5)","background-image":"","background-repeat":"repeat","background-position":"center center","background-size":"auto","background-attachment":"scroll","background-type":"","background-media":"","overlay-type":"","overlay-color":"","overlay-opacity":"","overlay-gradient":""},"mobile":{"background-color":"var(--ast-global-color-5)","background-image":"","background-repeat":"repeat","background-position":"center center","background-size":"auto","background-attachment":"scroll","background-type":"","background-media":"","overlay-type":"","overlay-color":"","overlay-opacity":"","overlay-gradient":""}},"footnotes":""},"class_list":["post-19","page","type-page","status-publish","hentry"],"_links":{"self":[{"href":"https:\/\/mustang-gliwice.pl\/www\/wp-json\/wp\/v2\/pages\/19","targetHints":{"allow":["GET"]}}],"collection":[{"href":"https:\/\/mustang-gliwice.pl\/www\/wp-json\/wp\/v2\/pages"}],"about":[{"href":"https:\/\/mustang-gliwice.pl\/www\/wp-json\/wp\/v2\/types\/page"}],"author":[{"embeddable":true,"href":"https:\/\/mustang-gliwice.pl\/www\/wp-json\/wp\/v2\/users\/3"}],"replies":[{"embeddable":true,"href":"https:\/\/mustang-gliwice.pl\/www\/wp-json\/wp\/v2\/comments?post=19"}],"version-history":[{"count":31,"href":"https:\/\/mustang-gliwice.pl\/www\/wp-json\/wp\/v2\/pages\/19\/revisions"}],"predecessor-version":[{"id":389,"href":"https:\/\/mustang-gliwice.pl\/www\/wp-json\/wp\/v2\/pages\/19\/revisions\/389"}],"wp:attachment":[{"href":"https:\/\/mustang-gliwice.pl\/www\/wp-json\/wp\/v2\/media?parent=19"}],"curies":[{"name":"wp","href":"https:\/\/api.w.org\/{rel}","templated":true}]}}